{"id":24,"date":"2025-09-04T23:09:30","date_gmt":"2025-09-04T23:09:30","guid":{"rendered":"https:\/\/be2be.pro\/profiles\/"},"modified":"2025-09-07T21:12:20","modified_gmt":"2025-09-07T19:12:20","slug":"profiles","status":"publish","type":"page","link":"https:\/\/be2be.pro\/en\/profiles\/","title":{"rendered":"Profili"},"content":{"rendered":"<div class=\"wp-block-group alignfull hostinger-ai-resume-1 hostinger-ai-fade-up has-global-padding is-layout-constrained wp-block-group-is-layout-constrained\">\n<div class=\"wp-block-group alignwide hostinger-ai-fade-up is-layout-flow wp-block-group-is-layout-flow\" style=\"padding-top:var(--wp--preset--spacing--60);padding-bottom:var(--wp--preset--spacing--60)\">\n<div class=\"wp-block-columns is-layout-flex wp-container-core-columns-is-layout-783b4be3 wp-block-columns-is-layout-flex\" style=\"margin-bottom:var(--wp--preset--spacing--60)\">\n<div class=\"wp-block-column is-layout-flow wp-block-column-is-layout-flow\">\n<h2 class=\"wp-block-heading hostinger-ai-title has-dark-color has-text-color has-link-color has-x-large-font-size wp-elements-8beb60588ae5dd9effb2399b5759c57c\" style=\"margin-bottom:var(--wp--preset--spacing--20)\">Korisni\u010dki profili<\/h2>\n<\/div>\n\n\n\n<div class=\"wp-block-column is-layout-flow wp-block-column-is-layout-flow\">\n<p class=\"hostinger-ai-description has-dark-color has-text-color has-link-color has-medium-font-size wp-elements-2d6aa5ca5ca522b7badcafbf9eb6ef30\" style=\"margin-top:0;margin-bottom:var(--wp--preset--spacing--70)\">Kreiraj svoj profil kako bi u\u010destvovao u video panelima i povezivao se s drugim korisnicima putem chata.<\/p>\n\n\n\n<p class=\"hostinger-ai-description hostinger-index-1\" style=\"margin-bottom:var(--wp--preset--spacing--50)\">Interaktivna zajednica<\/p>\n<\/div>\n<\/div>\n\n\n\n<div class=\"wp-block-columns is-layout-flex wp-container-core-columns-is-layout-28f84493 wp-block-columns-is-layout-flex\">\n<div class=\"wp-block-column is-layout-flow wp-block-column-is-layout-flow\">\n<h2 class=\"wp-block-heading hostinger-ai-title hostinger-index-1 has-dark-color has-text-color has-link-color has-x-large-font-size wp-elements-31614e931940aec028aaf4984adb5273\" style=\"margin-bottom:var(--wp--preset--spacing--20)\">Chat funkcije<\/h2>\n<\/div>\n\n\n\n<div class=\"wp-block-column is-layout-flow wp-block-column-is-layout-flow\">\n<div class=\"wp-block-group hostinger-ai-fade-up is-layout-flow wp-block-group-is-layout-flow\" style=\"margin-bottom:var(--wp--preset--spacing--60)\">\n<p class=\"hostinger-ai-subtitle hostinger-index-1 hostinger-ai-font-bold has-dark-color has-text-color has-link-color has-medium-font-size wp-elements-f3b57d634b84c7cd44f6403db902f63e\" style=\"margin-top:0;margin-bottom:var(--wp--preset--spacing--20)\">U\u010destvuj i u\u010di<\/p>\n\n\n\n<p>be2be Platforma<\/p>\n\n\n\n<p>Osnovana 2025.<\/p>\n\n\n\n<p class=\"hostinger-ai-subtitle hostinger-index-1 hostinger-ai-font-bold has-dark-color has-text-color has-link-color has-medium-font-size wp-elements-c67f394e05d7591e5fea6382f3e65303\" style=\"margin-top:0;margin-bottom:var(--wp--preset--spacing--20)\">Interaktivna zajednica<\/p>\n<\/div>\n\n\n\n<div class=\"wp-block-group hostinger-ai-fade-up is-layout-flow wp-block-group-is-layout-flow\">\n<p class=\"hostinger-ai-subtitle hostinger-index-2 hostinger-ai-font-bold has-dark-color has-text-color has-link-color has-medium-font-size wp-elements-606a55bc8525cc716655f0b2b8f8b3b7\" style=\"margin-top:0;margin-bottom:var(--wp--preset--spacing--20)\">Dijeljenje znanja<\/p>\n\n\n\n<p>Centar resursa<\/p>\n\n\n\n<p>Aktivni doga\u0111aji<\/p>\n\n\n\n<p class=\"hostinger-ai-subtitle hostinger-index-2 hostinger-ai-font-bold has-dark-color has-text-color has-link-color has-medium-font-size wp-elements-e573d71d9d274407ea3a29be3ae62920\" style=\"margin-top:0;margin-bottom:var(--wp--preset--spacing--20)\">Pristupite vrijednim resursima i anga\u017eujte se u kontinuiranom u\u010denju kroz panel diskusije.<\/p>\n<\/div>\n<\/div>\n<\/div>\n<\/div>\n<\/div>\n\n\n\n<div class=\"wp-block-group alignfull hostinger-ai-gallery-6 hostinger-ai-fade-up is-layout-flow wp-block-group-is-layout-flow\">\n<div class=\"wp-block-group has-global-padding is-layout-constrained wp-block-group-is-layout-constrained\" style=\"margin-top:var(--wp--preset--spacing--60);margin-bottom:var(--wp--preset--spacing--60)\">\n<div class=\"wp-block-columns alignwide is-layout-flex wp-container-core-columns-is-layout-28f84493 wp-block-columns-is-layout-flex\">\n<div class=\"wp-block-column is-vertically-aligned-center is-layout-flow wp-block-column-is-layout-flow\" style=\"flex-basis:33.33%\">\n<div class=\"wp-block-group alignwide hostinger-ai-fade-up has-global-padding is-layout-constrained wp-block-group-is-layout-constrained\" style=\"padding-top:var(--wp--preset--spacing--60);padding-bottom:var(--wp--preset--spacing--60)\">\n<h2 class=\"wp-block-heading has-text-align-left hostinger-ai-title has-dark-color has-text-color has-link-color has-x-large-font-size wp-elements-e3f127896de27ae6611b6ec6a7a38baf\" style=\"margin-top:0;margin-right:0;margin-bottom:var(--wp--preset--spacing--20);margin-left:0\">Korisni\u010dki profili<\/h2>\n\n\n\n<p class=\"has-text-align-left hostinger-ai-description has-dark-color has-text-color has-link-color has-medium-font-size wp-elements-1158c4c718d1e73f1474ec2dbf71cb88\" style=\"margin-top:0;margin-bottom:0\">Istra\u017eite panele koje su kreirali korisnici i u\u010destvujte u uvidnim diskusijama s kolegama.<\/p>\n<\/div>\n<\/div>\n\n\n\n<div class=\"wp-block-column is-layout-flow wp-block-column-is-layout-flow\" style=\"flex-basis:66.66%\">\n<div class=\"wp-block-columns is-layout-flex wp-container-core-columns-is-layout-28f84493 wp-block-columns-is-layout-flex\">\n<div class=\"wp-block-column is-layout-flow wp-block-column-is-layout-flow\">\n<figure class=\"wp-block-image size-full has-custom-border hostinger-ai-image hostinger-index-27\"><img decoding=\"async\" src=\"https:\/\/images.unsplash.com\/photo-1694878982074-d8d4bc4581b9?q=85&amp;w=354&amp;h=261&amp;fit=crop\" alt=\"A smartphone silhouette with a bright green screen displays a red play button symbol in the center, resembling the YouTube logo. The background is a plain, neutral brown surface.\" class=\"wp-image-1244\" style=\"border-radius:16px\"\/><\/figure>\n\n\n\n<figure class=\"wp-block-image size-full has-custom-border hostinger-ai-image hostinger-index-28\"><img decoding=\"async\" src=\"https:\/\/images.unsplash.com\/photo-1694878982037-321d09b79b12?q=85&amp;w=354&amp;h=261&amp;fit=crop\" alt=\"A smartphone-like rectangular shape is centered on a brown textured background. The shape has a white screen with rounded edges and features a prominent red play button inside a white triangle in the center, resembling the YouTube logo.\" class=\"wp-image-1244\" style=\"border-radius:16px\"\/><\/figure>\n<\/div>\n\n\n\n<div class=\"wp-block-column is-layout-flow wp-block-column-is-layout-flow\">\n<figure class=\"wp-block-image size-full has-custom-border hostinger-ai-image hostinger-index-29\"><img decoding=\"async\" src=\"https:\/\/images.unsplash.com\/photo-1521989116480-519a01ffeb2d?q=85&amp;w=354&amp;h=538&amp;fit=crop\" alt=\"A smartphone screen displaying the YouTube app icon prominently. The phone is resting on a dark wooden surface, with the time and network information visible at the top.\" class=\"wp-image-1242\" style=\"border-radius:16px\"\/><\/figure>\n<\/div>\n<\/div>\n<\/div>\n<\/div>\n<\/div>\n<\/div>\n\n\n\n<div class=\"wp-block-group alignwide hostinger-ai-fade-up is-content-justification-center is-nowrap is-layout-flex wp-container-core-group-is-layout-23441af8 wp-block-group-is-layout-flex\">\n<div class=\"wp-block-group alignwide hostinger-ai-fade-up has-global-padding is-layout-constrained wp-block-group-is-layout-constrained\">\n<h2 class=\"wp-block-heading alignfull has-text-align-left hostinger-ai-subtitle has-dark-color has-text-color has-link-color has-x-large-font-size wp-elements-fa4dfa970b98c77b83e3b3d25c2e06c0\" style=\"margin-bottom:var(--wp--preset--spacing--50)\">Korisni\u010dka iskustva<\/h2>\n\n\n\n<div class=\"wp-block-columns alignwide is-layout-flex wp-container-core-columns-is-layout-28f84493 wp-block-columns-is-layout-flex\">\n<div class=\"wp-block-column is-vertically-aligned-center is-layout-flow wp-block-column-is-layout-flow\">\n<div class=\"wp-block-group hostinger-ai-fade-up is-nowrap is-layout-flex wp-container-core-group-is-layout-6c531013 wp-block-group-is-layout-flex\">\n<figure class=\"wp-block-image size-full is-resized has-custom-border hostinger-ai-testimonial-image\"><img decoding=\"async\" src=\"https:\/\/be2be.pro\/wp-content\/themes\/hostinger-ai-theme\/assets\/images\/testimonials\/man-2-98x108-c.jpg\" alt=\"\" class=\"wp-image-265\" style=\"border-radius:20px;width:undefinedpx;height:undefinedpx\"\/><\/figure>\n\n\n\n<p class=\"hostinger-ai-testimonial-text has-dark-color has-text-color has-link-color has-medium-font-size wp-elements-fb5b7067c6a25ed9ee524d4f88f9d339 wp-container-content-69bc4bdf\" style=\"padding-left:var(--wp--preset--spacing--20)\">\u201ePovezivanje s drugima kroz anga\u017euju\u0107e video panele potpuno je transformisalo moje u\u010denje.\u201c<\/p>\n<\/div>\n<\/div>\n\n\n\n<div class=\"wp-block-column is-vertically-aligned-center is-layout-flow wp-block-column-is-layout-flow\">\n<div class=\"wp-block-group hostinger-ai-fade-up is-nowrap is-layout-flex wp-container-core-group-is-layout-6c531013 wp-block-group-is-layout-flex\">\n<figure class=\"wp-block-image size-full is-resized has-custom-border hostinger-ai-testimonial-image hostinger-index-1\"><img decoding=\"async\" src=\"https:\/\/be2be.pro\/wp-content\/themes\/hostinger-ai-theme\/assets\/images\/testimonials\/man-3-98x108-c.jpg\" alt=\"\" class=\"wp-image-266\" style=\"border-radius:20px;width:undefinedpx;height:undefinedpx\"\/><\/figure>\n\n\n\n<p class=\"hostinger-ai-testimonial-text hostinger-index-1 has-dark-color has-text-color has-link-color has-medium-font-size wp-elements-f2b57a0c15f46fa1935dc936068eed90 wp-container-content-69bc4bdf\" style=\"padding-left:var(--wp--preset--spacing--20)\">\u201eFunkcija Q&amp;A mi je omogu\u0107ila da odmah razjasnim sumnje tokom diskusija.\u201c<\/p>\n<\/div>\n<\/div>\n<\/div>\n<\/div>\n<\/div>\n\n\n\n<p><\/p>","protected":false},"excerpt":{"rendered":"<p>Korisni\u010dki profili Kreiraj svoj profil kako bi u\u010destvovao u video panelima i povezivao se s drugim korisnicima putem chata. Interaktivna zajednica Chat funkcije U\u010destvuj i u\u010di be2be Platforma Osnovana 2025. [&hellip;]<\/p>","protected":false},"author":1,"featured_media":0,"parent":0,"menu_order":0,"comment_status":"closed","ping_status":"closed","template":"","meta":{"_EventAllDay":false,"_EventTimezone":"","_EventStartDate":"","_EventEndDate":"","_EventStartDateUTC":"","_EventEndDateUTC":"","_EventShowMap":false,"_EventShowMapLink":false,"_EventURL":"","_EventCost":"","_EventCostDescription":"","_EventCurrencySymbol":"","_EventCurrencyCode":"","_EventCurrencyPosition":"","_EventDateTimeSeparator":"","_EventTimeRangeSeparator":"","_EventOrganizerID":[],"_EventVenueID":[],"_OrganizerEmail":"","_OrganizerPhone":"","_OrganizerWebsite":"","_VenueAddress":"","_VenueCity":"","_VenueCountry":"","_VenueProvince":"","_VenueState":"","_VenueZip":"","_VenuePhone":"","_VenueURL":"","_VenueStateProvince":"","_VenueLat":"","_VenueLng":"","_VenueShowMap":false,"_VenueShowMapLink":false,"_price":"","_stock":"","_tribe_ticket_header":"","_tribe_default_ticket_provider":"","_tribe_ticket_capacity":"0","_ticket_start_date":"","_ticket_end_date":"","_tribe_ticket_show_description":"","_tribe_ticket_show_not_going":false,"_tribe_ticket_use_global_stock":"","_tribe_ticket_global_stock_level":"","_global_stock_mode":"","_global_stock_cap":"","_tribe_rsvp_for_event":"","_tribe_ticket_going_count":"","_tribe_ticket_not_going_count":"","_tribe_tickets_list":"[]","_tribe_ticket_has_attendee_info_fields":false,"footnotes":"","_tec_slr_enabled":"","_tec_slr_layout":""},"class_list":["post-24","page","type-page","status-publish","hentry"],"_hostinger_reach_plugin_has_subscription_block":false,"_hostinger_reach_plugin_is_elementor":false,"ticketed":false,"_links":{"self":[{"href":"https:\/\/be2be.pro\/en\/wp-json\/wp\/v2\/pages\/24","targetHints":{"allow":["GET"]}}],"collection":[{"href":"https:\/\/be2be.pro\/en\/wp-json\/wp\/v2\/pages"}],"about":[{"href":"https:\/\/be2be.pro\/en\/wp-json\/wp\/v2\/types\/page"}],"author":[{"embeddable":true,"href":"https:\/\/be2be.pro\/en\/wp-json\/wp\/v2\/users\/1"}],"replies":[{"embeddable":true,"href":"https:\/\/be2be.pro\/en\/wp-json\/wp\/v2\/comments?post=24"}],"version-history":[{"count":1,"href":"https:\/\/be2be.pro\/en\/wp-json\/wp\/v2\/pages\/24\/revisions"}],"predecessor-version":[{"id":78,"href":"https:\/\/be2be.pro\/en\/wp-json\/wp\/v2\/pages\/24\/revisions\/78"}],"wp:attachment":[{"href":"https:\/\/be2be.pro\/en\/wp-json\/wp\/v2\/media?parent=24"}],"curies":[{"name":"wp","href":"https:\/\/api.w.org\/{rel}","templated":true}]}}