{"id":557,"date":"2025-09-12T22:31:36","date_gmt":"2025-09-12T20:31:36","guid":{"rendered":"https:\/\/be2be.pro\/?page_id=557"},"modified":"2025-09-12T22:31:37","modified_gmt":"2025-09-12T20:31:37","slug":"cesto-postavljana-pitanja-faq","status":"publish","type":"page","link":"https:\/\/be2be.pro\/en\/cesto-postavljana-pitanja-faq\/","title":{"rendered":"FREQUENTLY ASKED QUESTIONS (FAQ)"},"content":{"rendered":"<h3 class=\"wp-block-heading\">1. <strong>How can I register on the platform?<\/strong><\/h3>\n\n\n\n<p>Click on button <strong>Registration<\/strong> In the upper right corner of the page, fill in the basic information about your company. After confirming your email address, your profile will be activated and ready for use.<\/p>\n\n\n\n<hr class=\"wp-block-separator has-alpha-channel-opacity\"\/>\n\n\n\n<h3 class=\"wp-block-heading\">2. <strong>Can I explore other companies without registering?<\/strong><\/h3>\n\n\n\n<p>You can view basic information about fairs and participants, but to schedule meetings, chat, and access detailed profiles, you need to create a free account.<\/p>\n\n\n\n<hr class=\"wp-block-separator has-alpha-channel-opacity\"\/>\n\n\n\n<h3 class=\"wp-block-heading\">3. <strong>How do I schedule a meeting with another company?<\/strong><\/h3>\n\n\n\n<p>After finding the company you\u2019re interested in, click the button <strong>Book Appointment<\/strong> on their profile. Select an available time slot and confirm. The other party will receive a notification and can either accept or propose a new time.<\/p>\n\n\n\n<hr class=\"wp-block-separator has-alpha-channel-opacity\"\/>\n\n\n\n<h3 class=\"wp-block-heading\">4. <strong>Is the Chat function safe?<\/strong><\/h3>\n\n\n\n<p>Yes. Our platform uses encryption to keep your communication private and secure.<\/p>\n\n\n\n<hr class=\"wp-block-separator has-alpha-channel-opacity\"\/>\n\n\n\n<h3 class=\"wp-block-heading\">5. <strong>Can I see the participants of upcoming fairs in advance?<\/strong><\/h3>\n\n\n\n<p>Yes! The list of participants is regularly updated and available to all registered users on the platform.<\/p>\n\n\n\n<hr class=\"wp-block-separator has-alpha-channel-opacity\"\/>\n\n\n\n<h3 class=\"wp-block-heading\">6. <strong>How much does it cost to use the platform?<\/strong><\/h3>\n\n\n\n<p>Basic registration and most features are free. For additional premium options (greater visibility, fair promotions), we offer paid packages.<\/p>\n\n\n\n<hr class=\"wp-block-separator has-alpha-channel-opacity\"\/>\n\n\n\n<h3 class=\"wp-block-heading\">7. <strong>How can I contact support?<\/strong><\/h3>\n\n\n\n<p>You can contact us by <strong>using the contact form<\/strong>, by sending an email on <strong><a>support@mojafirma.com<\/a><\/strong>, or directly through <strong>the chat<\/strong> function on the site<\/p>","protected":false},"excerpt":{"rendered":"<p>1. Kako da se registrujem na platformi? Kliknite na dugme Registracija u gornjem desnom uglu stranice i popunite osnovne podatke o svojoj firmi. Nakon potvrde e-mail adrese, va\u0161 profil \u0107e biti aktivan i spreman za kori\u0161tenje. 2. Mogu li istra\u017eivati druge firme bez registracije? Mo\u017eete pregledati osnovne informacije o sajmovima i u\u010desnicima, ali za zakazivanje [&hellip;]<\/p>","protected":false},"author":1,"featured_media":0,"parent":0,"menu_order":0,"comment_status":"closed","ping_status":"closed","template":"","meta":{"_price":"","_stock":"","_tribe_ticket_header":"","_tribe_default_ticket_provider":"","_tribe_ticket_capacity":"0","_ticket_start_date":"","_ticket_end_date":"","_tribe_ticket_show_description":"","_tribe_ticket_show_not_going":false,"_tribe_ticket_use_global_stock":"","_tribe_ticket_global_stock_level":"","_global_stock_mode":"","_global_stock_cap":"","_tribe_rsvp_for_event":"","_tribe_ticket_going_count":"","_tribe_ticket_not_going_count":"","_tribe_tickets_list":"[]","_tribe_ticket_has_attendee_info_fields":false,"footnotes":"","_tec_slr_enabled":"","_tec_slr_layout":""},"class_list":["post-557","page","type-page","status-publish","hentry"],"_hostinger_reach_plugin_has_subscription_block":false,"_hostinger_reach_plugin_is_elementor":false,"ticketed":false,"_links":{"self":[{"href":"https:\/\/be2be.pro\/en\/wp-json\/wp\/v2\/pages\/557","targetHints":{"allow":["GET"]}}],"collection":[{"href":"https:\/\/be2be.pro\/en\/wp-json\/wp\/v2\/pages"}],"about":[{"href":"https:\/\/be2be.pro\/en\/wp-json\/wp\/v2\/types\/page"}],"author":[{"embeddable":true,"href":"https:\/\/be2be.pro\/en\/wp-json\/wp\/v2\/users\/1"}],"replies":[{"embeddable":true,"href":"https:\/\/be2be.pro\/en\/wp-json\/wp\/v2\/comments?post=557"}],"version-history":[{"count":1,"href":"https:\/\/be2be.pro\/en\/wp-json\/wp\/v2\/pages\/557\/revisions"}],"predecessor-version":[{"id":558,"href":"https:\/\/be2be.pro\/en\/wp-json\/wp\/v2\/pages\/557\/revisions\/558"}],"wp:attachment":[{"href":"https:\/\/be2be.pro\/en\/wp-json\/wp\/v2\/media?parent=557"}],"curies":[{"name":"wp","href":"https:\/\/api.w.org\/{rel}","templated":true}]}}